{"id":1179,"date":"2025-07-10T14:52:40","date_gmt":"2025-07-10T14:52:40","guid":{"rendered":"https:\/\/babeery.webartajans.site\/product\/ensemble-de-ceremonie-garcon\/"},"modified":"2025-10-07T19:00:45","modified_gmt":"2025-10-07T19:00:45","slug":"ensemble-de-ceremonie-garcon","status":"publish","type":"product","link":"https:\/\/babeery.ma\/en\/product\/ensemble-de-ceremonie-garcon\/","title":{"rendered":"ENSEMBLE DE C\u00c9R\u00c9MONIE GAR\u00c7ON"},"content":{"rendered":"<p>Type de produit\u00a0: T-shirt enfant<br \/>\nType de col\u00a0: Col ras du cou<br \/>\nLongueur des manches\u00a0: Manches courtes<br \/>\nUtilisation\u00a0: Quotidien<br \/>\nCoupe\u00a0: Coupe standard<br \/>\nMati\u00e8re\u00a0: 100\u00a0% coton<br \/>\nTissu doux et confortable.<br \/>\nLavable \u00e0 30\u00a0\u00b0C.<br \/>\nLes produits sont \u00e9quip\u00e9s de boutons-pression jusqu&#8217;\u00e0 2\u00a0ans et sans boutons-pression \u00e0 partir de 2\u00a0ans.<\/p>\n","protected":false},"excerpt":{"rendered":"<p>BABYLIA &#8211; B\u00c9B\u00c9 GAR\u00c7ON 0\/3 MOIS<\/p>\n","protected":false},"featured_media":1229,"comment_status":"open","ping_status":"closed","template":"","meta":[],"parent_product":[],"product_brand":[],"product_cat":[24],"product_tag":[],"class_list":{"0":"post-1179","1":"product","2":"type-product","3":"status-publish","4":"has-post-thumbnail","6":"product_cat-ensembles-tenues","8":"first","9":"outofstock","10":"taxable","11":"shipping-taxable","12":"purchasable","13":"product-type-variable"},"jetpack_sharing_enabled":true,"_links":{"self":[{"href":"https:\/\/babeery.ma\/en\/wp-json\/wp\/v2\/product\/1179","targetHints":{"allow":["GET"]}}],"collection":[{"href":"https:\/\/babeery.ma\/en\/wp-json\/wp\/v2\/product"}],"about":[{"href":"https:\/\/babeery.ma\/en\/wp-json\/wp\/v2\/types\/product"}],"replies":[{"embeddable":true,"href":"https:\/\/babeery.ma\/en\/wp-json\/wp\/v2\/comments?post=1179"}],"version-history":[{"count":0,"href":"https:\/\/babeery.ma\/en\/wp-json\/wp\/v2\/product\/1179\/revisions"}],"wp:featuredmedia":[{"embeddable":true,"href":"https:\/\/babeery.ma\/en\/wp-json\/wp\/v2\/media\/1229"}],"wp:attachment":[{"href":"https:\/\/babeery.ma\/en\/wp-json\/wp\/v2\/media?parent=1179"}],"wp:term":[{"taxonomy":"parent_product","embeddable":true,"href":"https:\/\/babeery.ma\/en\/wp-json\/wp\/v2\/parent_product?post=1179"},{"taxonomy":"product_brand","embeddable":true,"href":"https:\/\/babeery.ma\/en\/wp-json\/wp\/v2\/product_brand?post=1179"},{"taxonomy":"product_cat","embeddable":true,"href":"https:\/\/babeery.ma\/en\/wp-json\/wp\/v2\/product_cat?post=1179"},{"taxonomy":"product_tag","embeddable":true,"href":"https:\/\/babeery.ma\/en\/wp-json\/wp\/v2\/product_tag?post=1179"}],"curies":[{"name":"wp","href":"https:\/\/api.w.org\/{rel}","templated":true}]}}